{"id":39410,"date":"2022-09-02T15:52:50","date_gmt":"2022-09-02T15:52:50","guid":{"rendered":"https:\/\/jorgelarranaga.com\/guia-de-tallas\/"},"modified":"2022-09-02T15:53:22","modified_gmt":"2022-09-02T15:53:22","slug":"guia-de-tallas","status":"publish","type":"page","link":"https:\/\/larranagashoes.com\/en\/guia-de-tallas\/","title":{"rendered":"Gu\u00eda de tallas"},"content":{"rendered":"<p>[vc_row][vc_column][vc_column_text]<\/p>\n<h2><\/h2>\n<h2>Gu\u00eda de tallas PARA ZAPATOS<\/h2>\n<h2><span style=\"font-family: 'Futura Com Medium', Arial, Geneva, sans-serif; font-size: 16px; letter-spacing: 1.5px; line-height: 30px;\">CONSEJOS DEL EXPERTO:<\/span><\/h2>\n<div class=\"overflow\">\n<div class=\"imgBlock\">\n<ul>\n<li>La medida de la altura del tac\u00f3n est\u00e1 basada en un zapato de la talla 37. Puede variar ligeramente en funci\u00f3n de la talla elegida. La altura del tac\u00f3n se mide en el centro del mismo, justo donde se encuentra con la suela. Todas las medidas son aproximadas.<\/li>\n<li><span style=\"line-height: 16px;\">Cuando elijas un zapato con plataforma, ya sea vista u oculta, debe elegir 1\/2 n\u00famero menos si su pie es ancho, y 1 n\u00famero menos si su pie es normal o mas fino;\u00a0tenga en cuenta\u00a0que el movimiento del pie al caminar se modifica.\u00a0<\/span>.<\/li>\n<li><span style=\"line-height: 16px;\">NOTA: P\u00f3ngase en contacto si necesita tallas m\u00e1s peque\u00f1as o m\u00e1s grandes.<\/span><span style=\"line-height: 18px; background-color: #f2f2f2;\">\u00a0<\/span><\/li>\n<\/ul>\n<p>&nbsp;<\/p>\n<p>&nbsp;<\/p>\n<\/div>\n<\/div>\n<p>[\/vc_column_text][\/vc_column][\/vc_row][vc_row][vc_column width=&#8221;1\/2&#8243;][vc_single_image image=&#8221;37684&#8243; img_size=&#8221;full&#8221; alignment=&#8221;center&#8221;][\/vc_column][vc_column width=&#8221;1\/2&#8243;][vc_single_image image=&#8221;37686&#8243; img_size=&#8221;full&#8221; alignment=&#8221;center&#8221;][\/vc_column][\/vc_row]<\/p>\n","protected":false},"excerpt":{"rendered":"<p>[vc_row][vc_column][vc_column_text] Gu\u00eda de tallas PARA ZAPATOS CONSEJOS DEL EXPERTO: La medida de la altura del tac\u00f3n est\u00e1 basada en un zapato de la talla 37. Puede variar ligeramente en funci\u00f3n de la talla elegida. La altura del tac\u00f3n se mide en el centro del mismo, justo donde se encuentra con la suela. Todas las medidas son aproximadas. Cuando elijas un zapato con plataforma, ya sea vista u oculta, debe elegir 1\/2 n\u00famero menos si su pie es ancho, y 1 n\u00famero menos si su pie es normal o mas fino;\u00a0tenga en cuenta\u00a0que el movimiento del pie al caminar se modifica.\u00a0. NOTA: P\u00f3ngase en contacto si necesita tallas m\u00e1s peque\u00f1as o [&hellip;]<\/p>\n","protected":false},"author":1,"featured_media":0,"parent":0,"menu_order":0,"comment_status":"closed","ping_status":"closed","template":"","meta":{"_monsterinsights_skip_tracking":false,"_monsterinsights_sitenote_active":false,"_monsterinsights_sitenote_note":"","_monsterinsights_sitenote_category":0,"footnotes":""},"class_list":["post-39410","page","type-page","status-publish","hentry"],"yoast_head":"<!-- This site is optimized with the Yoast SEO plugin v27.1.1 - https:\/\/yoast.com\/product\/yoast-seo-wordpress\/ -->\n<title>Gu\u00eda de tallas - Larranaga Shoes<\/title>\n<meta name=\"robots\" content=\"index, follow, max-snippet:-1, max-image-preview:large, max-video-preview:-1\" \/>\n<link rel=\"canonical\" href=\"https:\/\/larranagashoes.com\/en\/guia-de-tallas\/\" \/>\n<meta property=\"og:locale\" content=\"en_US\" \/>\n<meta property=\"og:type\" content=\"article\" \/>\n<meta property=\"og:title\" content=\"Gu\u00eda de tallas - Larranaga Shoes\" \/>\n<meta property=\"og:description\" content=\"[vc_row][vc_column][vc_column_text] Gu\u00eda de tallas PARA ZAPATOS CONSEJOS DEL EXPERTO: La medida de la altura del tac\u00f3n est\u00e1 basada en un zapato de la talla 37. Puede variar ligeramente en funci\u00f3n de la talla elegida. La altura del tac\u00f3n se mide en el centro del mismo, justo donde se encuentra con la suela. Todas las medidas son aproximadas. Cuando elijas un zapato con plataforma, ya sea vista u oculta, debe elegir 1\/2 n\u00famero menos si su pie es ancho, y 1 n\u00famero menos si su pie es normal o mas fino;\u00a0tenga en cuenta\u00a0que el movimiento del pie al caminar se modifica.\u00a0. NOTA: P\u00f3ngase en contacto si necesita tallas m\u00e1s peque\u00f1as o [&hellip;]\" \/>\n<meta property=\"og:url\" content=\"https:\/\/larranagashoes.com\/en\/guia-de-tallas\/\" \/>\n<meta property=\"og:site_name\" content=\"Larranaga Shoes\" \/>\n<meta property=\"article:modified_time\" content=\"2022-09-02T15:53:22+00:00\" \/>\n<meta name=\"twitter:card\" content=\"summary_large_image\" \/>\n<meta name=\"twitter:label1\" content=\"Est. reading time\" \/>\n\t<meta name=\"twitter:data1\" content=\"1 minute\" \/>\n<script type=\"application\/ld+json\" class=\"yoast-schema-graph\">{\"@context\":\"https:\/\/schema.org\",\"@graph\":[{\"@type\":\"WebPage\",\"@id\":\"https:\/\/larranagashoes.com\/en\/guia-de-tallas\/\",\"url\":\"https:\/\/larranagashoes.com\/en\/guia-de-tallas\/\",\"name\":\"Gu\u00eda de tallas - Larranaga Shoes\",\"isPartOf\":{\"@id\":\"https:\/\/larranagashoes.com\/#website\"},\"datePublished\":\"2022-09-02T15:52:50+00:00\",\"dateModified\":\"2022-09-02T15:53:22+00:00\",\"breadcrumb\":{\"@id\":\"https:\/\/larranagashoes.com\/en\/guia-de-tallas\/#breadcrumb\"},\"inLanguage\":\"en-US\",\"potentialAction\":[{\"@type\":\"ReadAction\",\"target\":[\"https:\/\/larranagashoes.com\/en\/guia-de-tallas\/\"]}]},{\"@type\":\"BreadcrumbList\",\"@id\":\"https:\/\/larranagashoes.com\/en\/guia-de-tallas\/#breadcrumb\",\"itemListElement\":[{\"@type\":\"ListItem\",\"position\":1,\"name\":\"Portada\",\"item\":\"https:\/\/larranagashoes.com\/en\/\"},{\"@type\":\"ListItem\",\"position\":2,\"name\":\"Gu\u00eda de tallas\"}]},{\"@type\":\"WebSite\",\"@id\":\"https:\/\/larranagashoes.com\/#website\",\"url\":\"https:\/\/larranagashoes.com\/\",\"name\":\"Larranaga Shoes\",\"description\":\"Estudio de zapater\u00eda\",\"potentialAction\":[{\"@type\":\"SearchAction\",\"target\":{\"@type\":\"EntryPoint\",\"urlTemplate\":\"https:\/\/larranagashoes.com\/?s={search_term_string}\"},\"query-input\":{\"@type\":\"PropertyValueSpecification\",\"valueRequired\":true,\"valueName\":\"search_term_string\"}}],\"inLanguage\":\"en-US\"}]}<\/script>\n<!-- \/ Yoast SEO plugin. -->","yoast_head_json":{"title":"Gu\u00eda de tallas - Larranaga Shoes","robots":{"index":"index","follow":"follow","max-snippet":"max-snippet:-1","max-image-preview":"max-image-preview:large","max-video-preview":"max-video-preview:-1"},"canonical":"https:\/\/larranagashoes.com\/en\/guia-de-tallas\/","og_locale":"en_US","og_type":"article","og_title":"Gu\u00eda de tallas - Larranaga Shoes","og_description":"[vc_row][vc_column][vc_column_text] Gu\u00eda de tallas PARA ZAPATOS CONSEJOS DEL EXPERTO: La medida de la altura del tac\u00f3n est\u00e1 basada en un zapato de la talla 37. Puede variar ligeramente en funci\u00f3n de la talla elegida. La altura del tac\u00f3n se mide en el centro del mismo, justo donde se encuentra con la suela. Todas las medidas son aproximadas. Cuando elijas un zapato con plataforma, ya sea vista u oculta, debe elegir 1\/2 n\u00famero menos si su pie es ancho, y 1 n\u00famero menos si su pie es normal o mas fino;\u00a0tenga en cuenta\u00a0que el movimiento del pie al caminar se modifica.\u00a0. NOTA: P\u00f3ngase en contacto si necesita tallas m\u00e1s peque\u00f1as o [&hellip;]","og_url":"https:\/\/larranagashoes.com\/en\/guia-de-tallas\/","og_site_name":"Larranaga Shoes","article_modified_time":"2022-09-02T15:53:22+00:00","twitter_card":"summary_large_image","twitter_misc":{"Est. reading time":"1 minute"},"schema":{"@context":"https:\/\/schema.org","@graph":[{"@type":"WebPage","@id":"https:\/\/larranagashoes.com\/en\/guia-de-tallas\/","url":"https:\/\/larranagashoes.com\/en\/guia-de-tallas\/","name":"Gu\u00eda de tallas - Larranaga Shoes","isPartOf":{"@id":"https:\/\/larranagashoes.com\/#website"},"datePublished":"2022-09-02T15:52:50+00:00","dateModified":"2022-09-02T15:53:22+00:00","breadcrumb":{"@id":"https:\/\/larranagashoes.com\/en\/guia-de-tallas\/#breadcrumb"},"inLanguage":"en-US","potentialAction":[{"@type":"ReadAction","target":["https:\/\/larranagashoes.com\/en\/guia-de-tallas\/"]}]},{"@type":"BreadcrumbList","@id":"https:\/\/larranagashoes.com\/en\/guia-de-tallas\/#breadcrumb","itemListElement":[{"@type":"ListItem","position":1,"name":"Portada","item":"https:\/\/larranagashoes.com\/en\/"},{"@type":"ListItem","position":2,"name":"Gu\u00eda de tallas"}]},{"@type":"WebSite","@id":"https:\/\/larranagashoes.com\/#website","url":"https:\/\/larranagashoes.com\/","name":"Larranaga Shoes","description":"Estudio de zapater\u00eda","potentialAction":[{"@type":"SearchAction","target":{"@type":"EntryPoint","urlTemplate":"https:\/\/larranagashoes.com\/?s={search_term_string}"},"query-input":{"@type":"PropertyValueSpecification","valueRequired":true,"valueName":"search_term_string"}}],"inLanguage":"en-US"}]}},"_links":{"self":[{"href":"https:\/\/larranagashoes.com\/en\/wp-json\/wp\/v2\/pages\/39410","targetHints":{"allow":["GET"]}}],"collection":[{"href":"https:\/\/larranagashoes.com\/en\/wp-json\/wp\/v2\/pages"}],"about":[{"href":"https:\/\/larranagashoes.com\/en\/wp-json\/wp\/v2\/types\/page"}],"author":[{"embeddable":true,"href":"https:\/\/larranagashoes.com\/en\/wp-json\/wp\/v2\/users\/1"}],"replies":[{"embeddable":true,"href":"https:\/\/larranagashoes.com\/en\/wp-json\/wp\/v2\/comments?post=39410"}],"version-history":[{"count":1,"href":"https:\/\/larranagashoes.com\/en\/wp-json\/wp\/v2\/pages\/39410\/revisions"}],"predecessor-version":[{"id":39412,"href":"https:\/\/larranagashoes.com\/en\/wp-json\/wp\/v2\/pages\/39410\/revisions\/39412"}],"wp:attachment":[{"href":"https:\/\/larranagashoes.com\/en\/wp-json\/wp\/v2\/media?parent=39410"}],"curies":[{"name":"wp","href":"https:\/\/api.w.org\/{rel}","templated":true}]}}